{"id":29366,"date":"2023-07-17T15:57:14","date_gmt":"2023-07-17T15:57:14","guid":{"rendered":"https:\/\/magicheoffertestellari.com\/wp87\/?page_id=29366"},"modified":"2023-07-17T15:57:57","modified_gmt":"2023-07-17T15:57:57","slug":"politica-di-pagamento-e-rimborso","status":"publish","type":"page","link":"https:\/\/magicheoffertestellari.com\/wp87\/politica-di-pagamento-e-rimborso\/","title":{"rendered":"politica di pagamento e rimborso"},"content":{"rendered":"\t\t<div data-elementor-type=\"wp-page\" data-elementor-id=\"29366\" class=\"elementor elementor-29366\" data-elementor-post-type=\"page\">\n\t\t\t\t\t\t<section class=\"elementor-section elementor-top-section elementor-element elementor-element-74a6d4c elementor-section-boxed elementor-section-height-default elementor-section-height-default\" data-id=\"74a6d4c\" data-element_type=\"section\">\n\t\t\t\t\t\t<div class=\"elementor-container elementor-column-gap-default\">\n\t\t\t\t\t<div class=\"elementor-column elementor-col-100 elementor-top-column elementor-element elementor-element-74f0a01\" data-id=\"74f0a01\" data-element_type=\"column\">\n\t\t\t<div class=\"elementor-widget-wrap elementor-element-populated\">\n\t\t\t\t\t\t<div class=\"elementor-element elementor-element-9f74b88 elementor-widget elementor-widget-text-editor\" data-id=\"9f74b88\" data-element_type=\"widget\" data-widget_type=\"text-editor.default\">\n\t\t\t\t<div class=\"elementor-widget-container\">\n\t\t\t\t\t\t\t\t\t<p>Politica di pagamento<\/p><p>Il pagamento pu\u00f2 essere effettuato solo dopo aver confermato durante la chiamata. Il pagamento verr\u00e0 effettuato quando il prodotto sar\u00e0 consegnato dal corriere (COD). \u2028Compilando il modulo Non verr\u00e0 detratto nessun importo.<\/p><p><br \/>Politica di rimborso del prodotto<br \/>Offriamo una politica di rimborso di 30 giorni (la politica standard legalmente approvata \u00e8 di 14 giorni). Questo periodo \u00e8 valido dal giorno in cui ricevi la consegna della merce acquistata. Puoi restituire un prodotto fino a 30 giorni dalla data di acquisto. Qualsiasi prodotto restituito deve essere nelle stesse condizioni in cui lo hai ricevuto e nella confezione originale.<\/p><p>Se desideri restituire uno o pi\u00f9 prodotti acquistati, comunicacelo tramite ad@magicheoffertestellari.com<\/p><p>Nel caso di merce sigillata che non si presta ad essere restituita per motivi di tutela della salute o di igiene, il diritto di recesso decade se la merce viene aperta dopo la consegna.<\/p>\t\t\t\t\t\t\t\t<\/div>\n\t\t\t\t<\/div>\n\t\t\t\t\t<\/div>\n\t\t<\/div>\n\t\t\t\t\t<\/div>\n\t\t<\/section>\n\t\t\t\t<\/div>\n\t\t","protected":false},"excerpt":{"rendered":"<p>Politica di pagamento Il pagamento pu\u00f2 essere effettuato solo dopo aver confermato durante la chiamata. Il pagamento verr\u00e0 effettuato quando il prodotto sar\u00e0 consegnato dal corriere (COD). \u2028Compilando il modulo Non verr\u00e0 detratto nessun importo. Politica di rimborso del prodotto Offriamo una politica di rimborso di 30 giorni (la politica standard legalmente approvata \u00e8 di [&hellip;]<\/p>\n","protected":false},"author":1,"featured_media":0,"parent":0,"menu_order":0,"comment_status":"closed","ping_status":"closed","template":"elementor_canvas","meta":{"_et_pb_use_builder":"","_et_pb_old_content":"","_et_gb_content_width":"","footnotes":""},"class_list":["post-29366","page","type-page","status-publish","hentry"],"yoast_head":"<!-- This site is optimized with the Yoast SEO plugin v24.1 - https:\/\/yoast.com\/wordpress\/plugins\/seo\/ -->\n<title>politica di pagamento e rimborso - Le migliori offerte<\/title>\n<meta name=\"robots\" content=\"index, follow, max-snippet:-1, max-image-preview:large, max-video-preview:-1\" \/>\n<link rel=\"canonical\" href=\"https:\/\/magicheoffertestellari.com\/wp87\/politica-di-pagamento-e-rimborso\/\" \/>\n<meta property=\"og:locale\" content=\"it_IT\" \/>\n<meta property=\"og:type\" content=\"article\" \/>\n<meta property=\"og:title\" content=\"politica di pagamento e rimborso - Le migliori offerte\" \/>\n<meta property=\"og:description\" content=\"Politica di pagamento Il pagamento pu\u00f2 essere effettuato solo dopo aver confermato durante la chiamata. Il pagamento verr\u00e0 effettuato quando il prodotto sar\u00e0 consegnato dal corriere (COD). \u2028Compilando il modulo Non verr\u00e0 detratto nessun importo. Politica di rimborso del prodotto Offriamo una politica di rimborso di 30 giorni (la politica standard legalmente approvata \u00e8 di [&hellip;]\" \/>\n<meta property=\"og:url\" content=\"https:\/\/magicheoffertestellari.com\/wp87\/politica-di-pagamento-e-rimborso\/\" \/>\n<meta property=\"og:site_name\" content=\"Le migliori offerte\" \/>\n<meta property=\"article:modified_time\" content=\"2023-07-17T15:57:57+00:00\" \/>\n<meta name=\"twitter:card\" content=\"summary_large_image\" \/>\n<meta name=\"twitter:label1\" content=\"Tempo di lettura stimato\" \/>\n\t<meta name=\"twitter:data1\" content=\"1 minuto\" \/>\n<script type=\"application\/ld+json\" class=\"yoast-schema-graph\">{\"@context\":\"https:\/\/schema.org\",\"@graph\":[{\"@type\":\"WebPage\",\"@id\":\"https:\/\/magicheoffertestellari.com\/wp87\/politica-di-pagamento-e-rimborso\/\",\"url\":\"https:\/\/magicheoffertestellari.com\/wp87\/politica-di-pagamento-e-rimborso\/\",\"name\":\"politica di pagamento e rimborso - Le migliori offerte\",\"isPartOf\":{\"@id\":\"https:\/\/magicheoffertestellari.com\/wp87\/#website\"},\"datePublished\":\"2023-07-17T15:57:14+00:00\",\"dateModified\":\"2023-07-17T15:57:57+00:00\",\"breadcrumb\":{\"@id\":\"https:\/\/magicheoffertestellari.com\/wp87\/politica-di-pagamento-e-rimborso\/#breadcrumb\"},\"inLanguage\":\"it-IT\",\"potentialAction\":[{\"@type\":\"ReadAction\",\"target\":[\"https:\/\/magicheoffertestellari.com\/wp87\/politica-di-pagamento-e-rimborso\/\"]}]},{\"@type\":\"BreadcrumbList\",\"@id\":\"https:\/\/magicheoffertestellari.com\/wp87\/politica-di-pagamento-e-rimborso\/#breadcrumb\",\"itemListElement\":[{\"@type\":\"ListItem\",\"position\":1,\"name\":\"Home\",\"item\":\"https:\/\/magicheoffertestellari.com\/wp87\/\"},{\"@type\":\"ListItem\",\"position\":2,\"name\":\"politica di pagamento e rimborso\"}]},{\"@type\":\"WebSite\",\"@id\":\"https:\/\/magicheoffertestellari.com\/wp87\/#website\",\"url\":\"https:\/\/magicheoffertestellari.com\/wp87\/\",\"name\":\"Le migliori offerte\",\"description\":\"Migliori prodotti\",\"potentialAction\":[{\"@type\":\"SearchAction\",\"target\":{\"@type\":\"EntryPoint\",\"urlTemplate\":\"https:\/\/magicheoffertestellari.com\/wp87\/?s={search_term_string}\"},\"query-input\":{\"@type\":\"PropertyValueSpecification\",\"valueRequired\":true,\"valueName\":\"search_term_string\"}}],\"inLanguage\":\"it-IT\"}]}<\/script>\n<!-- \/ Yoast SEO plugin. -->","yoast_head_json":{"title":"politica di pagamento e rimborso - Le migliori offerte","robots":{"index":"index","follow":"follow","max-snippet":"max-snippet:-1","max-image-preview":"max-image-preview:large","max-video-preview":"max-video-preview:-1"},"canonical":"https:\/\/magicheoffertestellari.com\/wp87\/politica-di-pagamento-e-rimborso\/","og_locale":"it_IT","og_type":"article","og_title":"politica di pagamento e rimborso - Le migliori offerte","og_description":"Politica di pagamento Il pagamento pu\u00f2 essere effettuato solo dopo aver confermato durante la chiamata. Il pagamento verr\u00e0 effettuato quando il prodotto sar\u00e0 consegnato dal corriere (COD). \u2028Compilando il modulo Non verr\u00e0 detratto nessun importo. Politica di rimborso del prodotto Offriamo una politica di rimborso di 30 giorni (la politica standard legalmente approvata \u00e8 di [&hellip;]","og_url":"https:\/\/magicheoffertestellari.com\/wp87\/politica-di-pagamento-e-rimborso\/","og_site_name":"Le migliori offerte","article_modified_time":"2023-07-17T15:57:57+00:00","twitter_card":"summary_large_image","twitter_misc":{"Tempo di lettura stimato":"1 minuto"},"schema":{"@context":"https:\/\/schema.org","@graph":[{"@type":"WebPage","@id":"https:\/\/magicheoffertestellari.com\/wp87\/politica-di-pagamento-e-rimborso\/","url":"https:\/\/magicheoffertestellari.com\/wp87\/politica-di-pagamento-e-rimborso\/","name":"politica di pagamento e rimborso - Le migliori offerte","isPartOf":{"@id":"https:\/\/magicheoffertestellari.com\/wp87\/#website"},"datePublished":"2023-07-17T15:57:14+00:00","dateModified":"2023-07-17T15:57:57+00:00","breadcrumb":{"@id":"https:\/\/magicheoffertestellari.com\/wp87\/politica-di-pagamento-e-rimborso\/#breadcrumb"},"inLanguage":"it-IT","potentialAction":[{"@type":"ReadAction","target":["https:\/\/magicheoffertestellari.com\/wp87\/politica-di-pagamento-e-rimborso\/"]}]},{"@type":"BreadcrumbList","@id":"https:\/\/magicheoffertestellari.com\/wp87\/politica-di-pagamento-e-rimborso\/#breadcrumb","itemListElement":[{"@type":"ListItem","position":1,"name":"Home","item":"https:\/\/magicheoffertestellari.com\/wp87\/"},{"@type":"ListItem","position":2,"name":"politica di pagamento e rimborso"}]},{"@type":"WebSite","@id":"https:\/\/magicheoffertestellari.com\/wp87\/#website","url":"https:\/\/magicheoffertestellari.com\/wp87\/","name":"Le migliori offerte","description":"Migliori prodotti","potentialAction":[{"@type":"SearchAction","target":{"@type":"EntryPoint","urlTemplate":"https:\/\/magicheoffertestellari.com\/wp87\/?s={search_term_string}"},"query-input":{"@type":"PropertyValueSpecification","valueRequired":true,"valueName":"search_term_string"}}],"inLanguage":"it-IT"}]}},"_links":{"self":[{"href":"https:\/\/magicheoffertestellari.com\/wp87\/wp-json\/wp\/v2\/pages\/29366","targetHints":{"allow":["GET"]}}],"collection":[{"href":"https:\/\/magicheoffertestellari.com\/wp87\/wp-json\/wp\/v2\/pages"}],"about":[{"href":"https:\/\/magicheoffertestellari.com\/wp87\/wp-json\/wp\/v2\/types\/page"}],"author":[{"embeddable":true,"href":"https:\/\/magicheoffertestellari.com\/wp87\/wp-json\/wp\/v2\/users\/1"}],"replies":[{"embeddable":true,"href":"https:\/\/magicheoffertestellari.com\/wp87\/wp-json\/wp\/v2\/comments?post=29366"}],"version-history":[{"count":5,"href":"https:\/\/magicheoffertestellari.com\/wp87\/wp-json\/wp\/v2\/pages\/29366\/revisions"}],"predecessor-version":[{"id":29372,"href":"https:\/\/magicheoffertestellari.com\/wp87\/wp-json\/wp\/v2\/pages\/29366\/revisions\/29372"}],"wp:attachment":[{"href":"https:\/\/magicheoffertestellari.com\/wp87\/wp-json\/wp\/v2\/media?parent=29366"}],"curies":[{"name":"wp","href":"https:\/\/api.w.org\/{rel}","templated":true}]}}